{"id":5471,"date":"2021-05-15T10:09:27","date_gmt":"2021-05-15T08:09:27","guid":{"rendered":"http:\/\/tt-bruchhausen.de\/Web\/?page_id=5471"},"modified":"2024-03-05T17:14:27","modified_gmt":"2024-03-05T15:14:27","slug":"partner-der-tt-abteilung","status":"publish","type":"page","link":"http:\/\/tt-bruchhausen.de\/Web\/partner-der-tt-abteilung\/","title":{"rendered":"Partner der TT Abteilung"},"content":{"rendered":"<p>Herzlich Willkommen auf der Seite, die Freunden und Partner der Tischtennis Abteilung gewidmet ist.<\/p>\n<p>Ohne die Unterst\u00fctzung w\u00e4re es unm\u00f6glich unseren Sport auf dem Niveau halten oder steigern zu k\u00f6nnen.<\/p>\n<p><strong>Der TuS als Gesamtverein und die Tischtennis Abteilung sagt danke.<\/strong><\/p>\n<p>Zu den bereits vorhandenen Freunden und Partnern hinzugekommen sind in 2021\/22:<\/p>\n<p><a href=\"http:\/\/leben-bauelemente.de\/web\/\" target=\"_blank\" rel=\"noopener\"><strong>Leben Bauelemente<\/strong>.<\/a> Das Unternehmen hat die 1. Herren mit einem neuen Trainingsanz\u00fcgen ausgestattet.<\/p>\n<p><strong><a href=\"https:\/\/www.firmenwissen.de\/az\/firmeneintrag\/59759\/4270164405\/JENS_TILLMANN_GARTEN_UND_LANDSCHAFTSBAU.html\" target=\"_blank\" rel=\"noopener\">Tillmann\u00a0 &#8211; Garten und Landschaftsbau. <\/a><\/strong><\/p>\n<p><strong><a href=\"https:\/\/www.firmenwissen.de\/az\/firmeneintrag\/59759\/4270164405\/JENS_TILLMANN_GARTEN_UND_LANDSCHAFTSBAU.html\" target=\"_blank\" rel=\"noopener\">Jens Tillmann steuerte Trikots mit dem Namen des jeweiligen Spielers bei.<\/a><\/strong><\/p>\n<p><img loading=\"lazy\" decoding=\"async\" class=\"alignnone wp-image-5961\" src=\"http:\/\/tt-bruchhausen.de\/Web\/wp-content\/uploads\/2022\/10\/tillmann_trikots22_23.jpg\" alt=\"\" width=\"910\" height=\"619\" srcset=\"http:\/\/tt-bruchhausen.de\/Web\/wp-content\/uploads\/2022\/10\/tillmann_trikots22_23.jpg 1273w, http:\/\/tt-bruchhausen.de\/Web\/wp-content\/uploads\/2022\/10\/tillmann_trikots22_23-300x204.jpg 300w, http:\/\/tt-bruchhausen.de\/Web\/wp-content\/uploads\/2022\/10\/tillmann_trikots22_23-768x522.jpg 768w\" sizes=\"auto, (max-width: 910px) 100vw, 910px\" \/><\/p>\n<p><a href=\"https:\/\/www.am-industriemontage.de\/\" target=\"_blank\" rel=\"noopener\"><strong> AM Industriemontage<\/strong><\/a>, die unsere Senioren Teams mit Trikots ausgestattet hat.<\/p>\n<p><a href=\"https:\/\/www.lieferando.de\/speisekarte\/havin-delicato\" target=\"_blank\" rel=\"noopener\"><strong>Delicato<\/strong> <\/a>hat unseren Nachwuchs mit Trikots versorgt.<\/p>\n<table class=\" aligncenter\" style=\"height: 492px;\" width=\"687\">\n<tbody>\n<tr>\n<td width=\"201\"><a href=\"https:\/\/rapido-logistic.de\/\" target=\"_blank\" rel=\"noopener\"><img loading=\"lazy\" decoding=\"async\" class=\"aligncenter wp-image-5478 size-full\" src=\"http:\/\/tt-bruchhausen.de\/Web\/wp-content\/uploads\/2021\/05\/Banner_Rapido.jpg\" alt=\"\" width=\"180\" height=\"67\" \/><\/a><\/td>\n<td width=\"201\"><a href=\"https:\/\/www.am-industriemontage.de\/\" target=\"_blank\" rel=\"noopener\"><img loading=\"lazy\" decoding=\"async\" class=\"aligncenter wp-image-5479 size-full\" src=\"http:\/\/tt-bruchhausen.de\/Web\/wp-content\/uploads\/2021\/05\/AM-Logo.jpg\" alt=\"\" width=\"1014\" height=\"279\" srcset=\"http:\/\/tt-bruchhausen.de\/Web\/wp-content\/uploads\/2021\/05\/AM-Logo.jpg 1014w, http:\/\/tt-bruchhausen.de\/Web\/wp-content\/uploads\/2021\/05\/AM-Logo-300x83.jpg 300w, http:\/\/tt-bruchhausen.de\/Web\/wp-content\/uploads\/2021\/05\/AM-Logo-768x211.jpg 768w\" sizes=\"auto, (max-width: 1014px) 100vw, 1014px\" \/><\/a><\/td>\n<td width=\"201\"><a href=\"https:\/\/www.mueller-holz.ruhr\/\" target=\"_blank\" rel=\"noopener\"><img loading=\"lazy\" decoding=\"async\" class=\"aligncenter wp-image-5480 size-full\" src=\"http:\/\/tt-bruchhausen.de\/Web\/wp-content\/uploads\/2021\/05\/Logo_Mueller_Holz_180.jpg\" alt=\"\" width=\"180\" height=\"65\" \/><\/a><\/td>\n<\/tr>\n<tr>\n<td width=\"201\"><a href=\"http:\/\/www.winter-haustechnik.nrw\/\" target=\"_blank\" rel=\"noopener\"><img loading=\"lazy\" decoding=\"async\" class=\"aligncenter wp-image-5481 size-full\" src=\"http:\/\/tt-bruchhausen.de\/Web\/wp-content\/uploads\/2021\/05\/winter-haustechnik-gmbh_140.jpg\" alt=\"\" width=\"140\" height=\"55\" \/><\/a><\/td>\n<td width=\"201\">\n<h3><a href=\"https:\/\/www.schreinerei-risse.de\/\" target=\"_blank\" rel=\"noopener\"><img loading=\"lazy\" decoding=\"async\" class=\"aligncenter wp-image-5483 size-full\" src=\"http:\/\/tt-bruchhausen.de\/Web\/wp-content\/uploads\/2021\/05\/Risse_Logo_140.jpg\" alt=\"\" width=\"140\" height=\"53\" \/><\/a><\/h3>\n<\/td>\n<td width=\"201\"><a href=\"https:\/\/www.lieferando.de\/speisekarte\/havin-delicato\" target=\"_blank\" rel=\"noopener\"><img loading=\"lazy\" decoding=\"async\" class=\"aligncenter wp-image-5482 \" src=\"http:\/\/tt-bruchhausen.de\/Web\/wp-content\/uploads\/2021\/05\/delicato_logo.jpg\" alt=\"\" width=\"158\" height=\"140\" srcset=\"http:\/\/tt-bruchhausen.de\/Web\/wp-content\/uploads\/2021\/05\/delicato_logo.jpg 418w, http:\/\/tt-bruchhausen.de\/Web\/wp-content\/uploads\/2021\/05\/delicato_logo-300x266.jpg 300w\" sizes=\"auto, (max-width: 158px) 100vw, 158px\" \/><\/a><\/td>\n<\/tr>\n<tr>\n<td width=\"201\"><a href=\"http:\/\/www.dpl-pooling.com\/\" target=\"_blank\" rel=\"noopener\"><img loading=\"lazy\" decoding=\"async\" class=\"alignnone wp-image-5485 \" src=\"http:\/\/tt-bruchhausen.de\/Web\/wp-content\/uploads\/2021\/05\/dpl2.png\" alt=\"\" width=\"124\" height=\"64\" \/><\/a><\/td>\n<td width=\"201\"><a href=\"http:\/\/leben-bauelemente.de\/web\/\" target=\"_blank\" rel=\"noopener\"><img loading=\"lazy\" decoding=\"async\" class=\"alignnone wp-image-5776 \" src=\"http:\/\/tt-bruchhausen.de\/Web\/wp-content\/uploads\/2022\/01\/Leben_logo-300x145.jpg\" alt=\"\" width=\"168\" height=\"81\" \/>&#8212;&#8212;&#8212;&#8212;&#8212;&#8212;&#8212;&#8212;&#8212;&#8212;&#8212;<\/a><\/p>\n<p><a href=\"https:\/\/www.firmenwissen.de\/az\/firmeneintrag\/59759\/4270164405\/JENS_TILLMANN_GARTEN_UND_LANDSCHAFTSBAU.html\" target=\"_blank\" rel=\"noopener\"><img loading=\"lazy\" decoding=\"async\" class=\"alignnone wp-image-5777 \" src=\"http:\/\/tt-bruchhausen.de\/Web\/wp-content\/uploads\/2022\/01\/tillmann_logo-300x123.jpg\" alt=\"\" width=\"174\" height=\"71\" \/><\/a><\/td>\n<td width=\"201\">&nbsp;<\/p>\n<p><a href=\"https:\/\/www.dasoertliche.de\/Themen\/Kerstholt-Taxi-Arnsberg-Obereimer\" target=\"_blank\" rel=\"noopener\"><img loading=\"lazy\" decoding=\"async\" class=\"alignnone wp-image-5487 \" src=\"http:\/\/tt-bruchhausen.de\/Web\/wp-content\/uploads\/2021\/05\/taxikerstholt.png\" alt=\"\" width=\"115\" height=\"79\" srcset=\"http:\/\/tt-bruchhausen.de\/Web\/wp-content\/uploads\/2021\/05\/taxikerstholt.png 378w, http:\/\/tt-bruchhausen.de\/Web\/wp-content\/uploads\/2021\/05\/taxikerstholt-300x206.png 300w\" sizes=\"auto, (max-width: 115px) 100vw, 115px\" \/><\/a><\/p>\n<p><a href=\"https:\/\/www.loehr-gebaeudeservice.com\/\" target=\"_blank\" rel=\"noopener\"><img loading=\"lazy\" decoding=\"async\" class=\"alignnone size-full wp-image-7008\" src=\"http:\/\/tt-bruchhausen.de\/Web\/wp-content\/uploads\/2024\/03\/Loehr_reinigung_logo.jpg\" alt=\"\" width=\"335\" height=\"162\" srcset=\"http:\/\/tt-bruchhausen.de\/Web\/wp-content\/uploads\/2024\/03\/Loehr_reinigung_logo.jpg 335w, http:\/\/tt-bruchhausen.de\/Web\/wp-content\/uploads\/2024\/03\/Loehr_reinigung_logo-300x145.jpg 300w\" sizes=\"auto, (max-width: 335px) 100vw, 335px\" \/><\/a><\/td>\n<\/tr>\n<\/tbody>\n<\/table>\n<p><!--more--><\/p>\n<p><!--more--><\/p>\n","protected":false},"excerpt":{"rendered":"<p>Herzlich Willkommen auf der Seite, die Freunden und Partner der Tischtennis Abteilung gewidmet ist. Ohne die Unterst\u00fctzung w\u00e4re es unm\u00f6glich<\/p>\n","protected":false},"author":1,"featured_media":0,"parent":0,"menu_order":0,"comment_status":"closed","ping_status":"closed","template":"","meta":{"kia_subtitle":"","footnotes":""},"class_list":["post-5471","page","type-page","status-publish","hentry"],"_links":{"self":[{"href":"http:\/\/tt-bruchhausen.de\/Web\/wp-json\/wp\/v2\/pages\/5471","targetHints":{"allow":["GET"]}}],"collection":[{"href":"http:\/\/tt-bruchhausen.de\/Web\/wp-json\/wp\/v2\/pages"}],"about":[{"href":"http:\/\/tt-bruchhausen.de\/Web\/wp-json\/wp\/v2\/types\/page"}],"author":[{"embeddable":true,"href":"http:\/\/tt-bruchhausen.de\/Web\/wp-json\/wp\/v2\/users\/1"}],"replies":[{"embeddable":true,"href":"http:\/\/tt-bruchhausen.de\/Web\/wp-json\/wp\/v2\/comments?post=5471"}],"version-history":[{"count":35,"href":"http:\/\/tt-bruchhausen.de\/Web\/wp-json\/wp\/v2\/pages\/5471\/revisions"}],"predecessor-version":[{"id":7012,"href":"http:\/\/tt-bruchhausen.de\/Web\/wp-json\/wp\/v2\/pages\/5471\/revisions\/7012"}],"wp:attachment":[{"href":"http:\/\/tt-bruchhausen.de\/Web\/wp-json\/wp\/v2\/media?parent=5471"}],"curies":[{"name":"wp","href":"https:\/\/api.w.org\/{rel}","templated":true}]}}