{"id":2946,"date":"2016-12-05T22:00:18","date_gmt":"2016-12-05T20:00:18","guid":{"rendered":"http:\/\/tt-bruchhausen.de\/Web\/?page_id=2946"},"modified":"2026-01-04T12:22:17","modified_gmt":"2026-01-04T10:22:17","slug":"startseite","status":"publish","type":"page","link":"http:\/\/tt-bruchhausen.de\/Web\/","title":{"rendered":"Willkommen bei der Tischtennisabteilung des TuS"},"content":{"rendered":"<h5 style=\"text-align: center;\">&#8222;Berichte findet ihr unter &#8222;Ergebnisse&#8220;<\/h5>\n<h3 style=\"text-align: center;\"><strong><span style=\"color: #000000;\">Saison 25\/26\u00a0<\/span><\/strong><\/h3>\n<p style=\"text-align: center;\"><strong><a href=\"http:\/\/tt-bruchhausen.de\/Web\/bilanzen-aller-tt-cracks-der-saison-2024-25\/\">Bilanzen und Ranglisten der abgelaufenen Saison 24\/25 sind Online.<\/a><\/strong><\/p>\n<p style=\"text-align: center;\">25\/26 wird folgen. Die Bilanzen bleiben ab 24\/25 Online.<\/p>\n<p style=\"text-align: center;\"><span style=\"color: #000000;\">Unter Teams findet ihr die Mannschaften.<\/span><\/p>\n<hr \/>\n<p style=\"text-align: center;\">Auf unseren Seiten k\u00f6nnt ihr aktuelle <a href=\"http:\/\/tt-bruchhausen.de\/Web\/aktueller-spieltag\/\">Ergebnisse<\/a>, Tabellen<strong>, Aktivit\u00e4ten<\/strong> und vieles mehr \u00fcber den Verein und deren Spieler*innen erfahren.<\/p>\n<p style=\"text-align: center;\">Die <strong>Navigation<\/strong> zu den Themen, die unsere Seite behandelt, seht ihr im\u00a0 Kopf. Aktuelle Berichte ebenfalls oben ausw\u00e4hlbar.<\/p>\n<p style=\"text-align: center;\">Es werden immer die aktuellsten 5 vorangestellt.<\/p>\n<p style=\"text-align: center;\">\u00dcber den Link \u201eErgebnisse\u201c findet ihr eure Spieltermine; \u00fcber Teams die einzelnen Mannschaftsaufstellungen.<\/p>\n<p style=\"text-align: center;\"><strong>Wir w\u00fcnschen allen Sportlern eine tolle Saison und den Zuschauern viel Spa\u00df und immer ausreichend Fl\u00fcssigkeit.<\/strong><\/p>\n<p style=\"text-align: center;\"><strong><span style=\"color: #800000;\">Viel Spa\u00df beim Lesen w\u00fcnscht die TT Abteilung.<\/span><\/strong><\/p>\n","protected":false},"excerpt":{"rendered":"<p>&#8222;Berichte findet ihr unter &#8222;Ergebnisse&#8220; Saison 25\/26\u00a0 Bilanzen und Ranglisten der abgelaufenen Saison 24\/25 sind Online. 25\/26 wird folgen. Die<\/p>\n","protected":false},"author":2,"featured_media":0,"parent":0,"menu_order":0,"comment_status":"closed","ping_status":"closed","template":"","meta":{"kia_subtitle":"","footnotes":""},"class_list":["post-2946","page","type-page","status-publish","hentry"],"_links":{"self":[{"href":"http:\/\/tt-bruchhausen.de\/Web\/wp-json\/wp\/v2\/pages\/2946","targetHints":{"allow":["GET"]}}],"collection":[{"href":"http:\/\/tt-bruchhausen.de\/Web\/wp-json\/wp\/v2\/pages"}],"about":[{"href":"http:\/\/tt-bruchhausen.de\/Web\/wp-json\/wp\/v2\/types\/page"}],"author":[{"embeddable":true,"href":"http:\/\/tt-bruchhausen.de\/Web\/wp-json\/wp\/v2\/users\/2"}],"replies":[{"embeddable":true,"href":"http:\/\/tt-bruchhausen.de\/Web\/wp-json\/wp\/v2\/comments?post=2946"}],"version-history":[{"count":60,"href":"http:\/\/tt-bruchhausen.de\/Web\/wp-json\/wp\/v2\/pages\/2946\/revisions"}],"predecessor-version":[{"id":7976,"href":"http:\/\/tt-bruchhausen.de\/Web\/wp-json\/wp\/v2\/pages\/2946\/revisions\/7976"}],"wp:attachment":[{"href":"http:\/\/tt-bruchhausen.de\/Web\/wp-json\/wp\/v2\/media?parent=2946"}],"curies":[{"name":"wp","href":"https:\/\/api.w.org\/{rel}","templated":true}]}}