{"id":225,"date":"2014-05-26T12:52:09","date_gmt":"2014-05-26T10:52:09","guid":{"rendered":"http:\/\/tt-bruchhausen.de\/Web\/?page_id=225"},"modified":"2023-06-26T10:08:51","modified_gmt":"2023-06-26T08:08:51","slug":"teams","status":"publish","type":"page","link":"http:\/\/tt-bruchhausen.de\/Web\/teams\/","title":{"rendered":"Teams"},"content":{"rendered":"<p><strong>Der TuS bietet erneut drei Senioren und ein Nachwuchsteam auf.<\/strong><\/p>\n<p>Durch ein Upgrade der Homepage Software sind die Dropdown Men\u00fcs der Teams nicht immer anw\u00e4hlbar. Daher haben wir die Mannschaften hier neu verlinkt. Sollte die Software dementsprechend neu konfiguriert werden, k\u00f6nnen die Aufstellungen wie gewohnt \u00fcber den Men\u00fcpunkt &#8222;Teams&#8220; ausgew\u00e4hlt werden.<\/p>\n<p><a href=\"http:\/\/tt-bruchhausen.de\/Web\/1-mannschaft\/\">1. Mannschaft<\/a><\/p>\n<p><a href=\"http:\/\/tt-bruchhausen.de\/Web\/2-mannschaft\/\">2. Mannschaft<\/a><\/p>\n<p><a href=\"http:\/\/tt-bruchhausen.de\/Web\/3-mannschaft\/\">3. Mannschaft<\/a><\/p>\n<p><a href=\"http:\/\/tt-bruchhausen.de\/Web\/nachwuchs\/\">Nachwuchs<\/a><\/p>\n<p>&nbsp;<\/p>\n","protected":false},"excerpt":{"rendered":"<p>Der TuS bietet erneut drei Senioren und ein Nachwuchsteam auf. Durch ein Upgrade der Homepage Software sind die Dropdown Men\u00fcs<\/p>\n","protected":false},"author":1,"featured_media":0,"parent":0,"menu_order":0,"comment_status":"closed","ping_status":"closed","template":"","meta":{"kia_subtitle":"","footnotes":""},"class_list":["post-225","page","type-page","status-publish","hentry"],"_links":{"self":[{"href":"http:\/\/tt-bruchhausen.de\/Web\/wp-json\/wp\/v2\/pages\/225","targetHints":{"allow":["GET"]}}],"collection":[{"href":"http:\/\/tt-bruchhausen.de\/Web\/wp-json\/wp\/v2\/pages"}],"about":[{"href":"http:\/\/tt-bruchhausen.de\/Web\/wp-json\/wp\/v2\/types\/page"}],"author":[{"embeddable":true,"href":"http:\/\/tt-bruchhausen.de\/Web\/wp-json\/wp\/v2\/users\/1"}],"replies":[{"embeddable":true,"href":"http:\/\/tt-bruchhausen.de\/Web\/wp-json\/wp\/v2\/comments?post=225"}],"version-history":[{"count":11,"href":"http:\/\/tt-bruchhausen.de\/Web\/wp-json\/wp\/v2\/pages\/225\/revisions"}],"predecessor-version":[{"id":6554,"href":"http:\/\/tt-bruchhausen.de\/Web\/wp-json\/wp\/v2\/pages\/225\/revisions\/6554"}],"wp:attachment":[{"href":"http:\/\/tt-bruchhausen.de\/Web\/wp-json\/wp\/v2\/media?parent=225"}],"curies":[{"name":"wp","href":"https:\/\/api.w.org\/{rel}","templated":true}]}}